{"id":10461,"date":"2018-08-20T18:28:57","date_gmt":"2018-08-20T16:28:57","guid":{"rendered":"http:\/\/www.posca.com\/politique-de-protection-des-donnees\/"},"modified":"2019-06-04T16:17:32","modified_gmt":"2019-06-04T14:17:32","slug":"politica-de-protecao-de-dados","status":"publish","type":"page","link":"https:\/\/www.posca.com\/pt-pt\/politica-de-protecao-de-dados\/","title":{"rendered":"Pol\u00edtica de prote\u00e7\u00e3o de dados"},"content":{"rendered":"","protected":false},"excerpt":{"rendered":"","protected":false},"author":1,"featured_media":0,"parent":0,"menu_order":0,"comment_status":"closed","ping_status":"closed","template":"page-templates\/page-cms.php","meta":[],"acf":[],"_links":{"self":[{"href":"https:\/\/www.posca.com\/pt-pt\/wp-json\/wp\/v2\/pages\/10461"}],"collection":[{"href":"https:\/\/www.posca.com\/pt-pt\/wp-json\/wp\/v2\/pages"}],"about":[{"href":"https:\/\/www.posca.com\/pt-pt\/wp-json\/wp\/v2\/types\/page"}],"author":[{"embeddable":true,"href":"https:\/\/www.posca.com\/pt-pt\/wp-json\/wp\/v2\/users\/1"}],"replies":[{"embeddable":true,"href":"https:\/\/www.posca.com\/pt-pt\/wp-json\/wp\/v2\/comments?post=10461"}],"version-history":[{"count":8,"href":"https:\/\/www.posca.com\/pt-pt\/wp-json\/wp\/v2\/pages\/10461\/revisions"}],"predecessor-version":[{"id":68151,"href":"https:\/\/www.posca.com\/pt-pt\/wp-json\/wp\/v2\/pages\/10461\/revisions\/68151"}],"wp:attachment":[{"href":"https:\/\/www.posca.com\/pt-pt\/wp-json\/wp\/v2\/media?parent=10461"}],"curies":[{"name":"wp","href":"https:\/\/api.w.org\/{rel}","templated":true}]}}