{"id":751419,"date":"2018-09-20T15:40:45","date_gmt":"2018-09-20T13:40:45","guid":{"rendered":"https:\/\/www.posca.com\/conseils\/mode-demploi\/"},"modified":"2023-12-07T14:33:21","modified_gmt":"2023-12-07T13:33:21","slug":"mode-demploi","status":"publish","type":"page","link":"https:\/\/www.posca.com\/cs\/conseils\/mode-demploi\/","title":{"rendered":"U\u017dIVATELSK\u00dd PR\u016eVODCE"},"content":{"rendered":"","protected":false},"excerpt":{"rendered":"","protected":false},"author":1,"featured_media":0,"parent":751415,"menu_order":0,"comment_status":"closed","ping_status":"closed","template":"page-templates\/page-histoire.php","meta":[],"acf":[],"_links":{"self":[{"href":"https:\/\/www.posca.com\/cs\/wp-json\/wp\/v2\/pages\/751419"}],"collection":[{"href":"https:\/\/www.posca.com\/cs\/wp-json\/wp\/v2\/pages"}],"about":[{"href":"https:\/\/www.posca.com\/cs\/wp-json\/wp\/v2\/types\/page"}],"author":[{"embeddable":true,"href":"https:\/\/www.posca.com\/cs\/wp-json\/wp\/v2\/users\/1"}],"replies":[{"embeddable":true,"href":"https:\/\/www.posca.com\/cs\/wp-json\/wp\/v2\/comments?post=751419"}],"version-history":[{"count":2,"href":"https:\/\/www.posca.com\/cs\/wp-json\/wp\/v2\/pages\/751419\/revisions"}],"predecessor-version":[{"id":751422,"href":"https:\/\/www.posca.com\/cs\/wp-json\/wp\/v2\/pages\/751419\/revisions\/751422"}],"up":[{"embeddable":true,"href":"https:\/\/www.posca.com\/cs\/wp-json\/wp\/v2\/pages\/751415"}],"wp:attachment":[{"href":"https:\/\/www.posca.com\/cs\/wp-json\/wp\/v2\/media?parent=751419"}],"curies":[{"name":"wp","href":"https:\/\/api.w.org\/{rel}","templated":true}]}}